{"id":1705,"date":"2023-09-26T18:20:36","date_gmt":"2023-09-26T16:20:36","guid":{"rendered":"https:\/\/greenstarbau.hu\/?page_id=1705"},"modified":"2023-10-05T21:54:44","modified_gmt":"2023-10-05T19:54:44","slug":"lakberendezes","status":"publish","type":"page","link":"https:\/\/greenstarbau.hu\/de\/lakberendezes\/","title":{"rendered":"Lakberendez\u00e9s &#8211; GREEN STAR BAU"},"content":{"rendered":"<div data-elementor-type=\"wp-page\" data-elementor-id=\"1705\" class=\"elementor elementor-1705\" data-elementor-post-type=\"page\">\n\t\t\t\t<div class=\"elementor-element elementor-element-0e8b0ac e-flex e-con-boxed e-con e-parent\" data-id=\"0e8b0ac\" data-element_type=\"container\" data-e-type=\"container\">\n\t\t\t\t\t<div class=\"e-con-inner\">\n\t\t\t\t<div class=\"elementor-element elementor-element-94cc301 elementor-invisible elementor-widget elementor-widget-heading\" data-id=\"94cc301\" data-element_type=\"widget\" data-e-type=\"widget\" data-settings=\"{&quot;_animation&quot;:&quot;bounceInUp&quot;}\" data-widget_type=\"heading.default\">\n\t\t\t\t<div class=\"elementor-widget-container\">\n\t\t\t\t\t<h2 class=\"elementor-heading-title elementor-size-default\">Rita, die Innenarchitektin, arbeitet mit uns zusammen<\/h2>\t\t\t\t<\/div>\n\t\t\t\t<\/div>\n\t\t\t\t\t<\/div>\n\t\t\t\t<\/div>\n\t\t<div class=\"elementor-element elementor-element-a5dd203 e-grid e-con-boxed e-con e-parent\" data-id=\"a5dd203\" data-element_type=\"container\" data-e-type=\"container\" data-settings=\"{&quot;background_background&quot;:&quot;classic&quot;,&quot;shape_divider_top&quot;:&quot;tilt&quot;,&quot;shape_divider_bottom&quot;:&quot;tilt&quot;}\">\n\t\t\t\t\t<div class=\"e-con-inner\">\n\t\t\t\t<div class=\"elementor-shape elementor-shape-top\" aria-hidden=\"true\" data-negative=\"false\">\n\t\t\t<svg xmlns=\"http:\/\/www.w3.org\/2000\/svg\" viewbox=\"0 0 1000 100\" preserveaspectratio=\"none\">\n\t<path class=\"elementor-shape-fill\" d=\"M0,6V0h1000v100L0,6z\"\/>\n<\/svg>\t\t<\/div>\n\t\t\t\t<div class=\"elementor-shape elementor-shape-bottom\" aria-hidden=\"true\" data-negative=\"false\">\n\t\t\t<svg xmlns=\"http:\/\/www.w3.org\/2000\/svg\" viewbox=\"0 0 1000 100\" preserveaspectratio=\"none\">\n\t<path class=\"elementor-shape-fill\" d=\"M0,6V0h1000v100L0,6z\"\/>\n<\/svg>\t\t<\/div>\n\t\t<div class=\"elementor-element elementor-element-5e8e4de e-con-full e-grid e-con e-child\" data-id=\"5e8e4de\" data-element_type=\"container\" data-e-type=\"container\">\n\t\t\t\t<div class=\"elementor-element elementor-element-a03f77a elementor-invisible elementor-widget elementor-widget-image-carousel\" data-id=\"a03f77a\" data-element_type=\"widget\" data-e-type=\"widget\" data-settings=\"{&quot;slides_to_show&quot;:&quot;1&quot;,&quot;navigation&quot;:&quot;none&quot;,&quot;pause_on_hover&quot;:&quot;no&quot;,&quot;pause_on_interaction&quot;:&quot;no&quot;,&quot;autoplay_speed&quot;:2500,&quot;effect&quot;:&quot;fade&quot;,&quot;speed&quot;:1000,&quot;_animation&quot;:&quot;fadeIn&quot;,&quot;_animation_delay&quot;:300,&quot;autoplay&quot;:&quot;yes&quot;,&quot;infinite&quot;:&quot;yes&quot;}\" data-widget_type=\"image-carousel.default\">\n\t\t\t\t<div class=\"elementor-widget-container\">\n\t\t\t\t\t\t\t<div class=\"elementor-image-carousel-wrapper swiper\" role=\"region\" aria-roledescription=\"carousel\" aria-label=\"Bild Karussell\" dir=\"ltr\">\n\t\t\t<div class=\"elementor-image-carousel swiper-wrapper swiper-image-stretch\" aria-live=\"off\">\n\t\t\t\t\t\t\t\t<div class=\"swiper-slide\" role=\"group\" aria-roledescription=\"slide\" aria-label=\"1 von 3\" data-no-translation-aria-label=\"\"><figure class=\"swiper-slide-inner\"><img decoding=\"async\" class=\"swiper-slide-image\" src=\"https:\/\/greenstarbau.hu\/wp-content\/uploads\/elementor\/thumbs\/372621430_122103911666023916_5770804827406131231_n-qcw8xmjvt3dzqvu7rq68u1qo3mrn4etiqfs3nosnc8.jpg\" alt=\"372621430_122103911666023916_5770804827406131231_n\" \/><\/figure><\/div><div class=\"swiper-slide\" role=\"group\" aria-roledescription=\"slide\" aria-label=\"2 von 3\" data-no-translation-aria-label=\"\"><figure class=\"swiper-slide-inner\"><img decoding=\"async\" class=\"swiper-slide-image\" src=\"https:\/\/greenstarbau.hu\/wp-content\/uploads\/elementor\/thumbs\/371894737_122102679548023916_3839001547957355308_n-qcw8xisj1r8ugfzodojqk2otq3a69meldx65qky814.jpg\" alt=\"371894737_122102679548023916_3839001547957355308_n\" \/><\/figure><\/div><div class=\"swiper-slide\" role=\"group\" aria-roledescription=\"slide\" aria-label=\"3 von 3\" data-no-translation-aria-label=\"\"><figure class=\"swiper-slide-inner\"><img decoding=\"async\" class=\"swiper-slide-image\" src=\"https:\/\/greenstarbau.hu\/wp-content\/uploads\/elementor\/thumbs\/371814862_122102681090023916_6015073107535780238_n-1-qcw8xko7ffbf3nwy2pczp27qwv0wp0m226h4p4vfoo.jpg\" alt=\"371814862_122102681090023916_6015073107535780238_n (1)\" \/><\/figure><\/div>\t\t\t<\/div>\n\t\t\t\t\t\t\t\n\t\t\t\t\t\t\t\t\t<\/div>\n\t\t\t\t\t\t<\/div>\n\t\t\t\t<\/div>\n\t\t\t\t<\/div>\n\t\t<div class=\"elementor-element elementor-element-ee5fe95 e-grid e-con-boxed e-con e-child\" data-id=\"ee5fe95\" data-element_type=\"container\" data-e-type=\"container\">\n\t\t\t\t\t<div class=\"e-con-inner\">\n\t\t\t\t<div class=\"elementor-element elementor-element-de728db elementor-invisible elementor-widget elementor-widget-text-editor\" data-id=\"de728db\" data-element_type=\"widget\" data-e-type=\"widget\" data-settings=\"{&quot;_animation&quot;:&quot;fadeIn&quot;,&quot;_animation_delay&quot;:600}\" data-widget_type=\"text-editor.default\">\n\t\t\t\t<div class=\"elementor-widget-container\">\n\t\t\t\t\t\t\t\t\t<p>Wir sind ein Bauunternehmen, das qualitativ hochwertige und zuverl\u00e4ssige Arbeit bei den unterschiedlichsten Bauprojekten leistet.<\/p><p>Ob Einfamilienh\u00e4user, B\u00fcrogeb\u00e4ude, Industrieanlagen oder Sonderbauten, wir haben stets die Bed\u00fcrfnisse und Zufriedenheit der Kunden im Blick.<\/p><p>K\u00fcrzlich wurde unser Team um einen neuen hervorragenden Partner erweitert: <strong>Rita Buki ist Innenarchitektin<\/strong>vel, der \u00fcber langj\u00e4hrige Erfahrung im Bereich Innenarchitektur verf\u00fcgt und viele erfolgreiche Projekte hinter sich hat. Er ist der Profi, der Ihr Traumhaus verwirklichen kann, sei es modern, klassisch, rustikal oder in jedem anderen Stil.<\/p><p>Rita ber\u00fccksichtigt Ihren individuellen Geschmack, Ihre Bed\u00fcrfnisse und Ihr Budget und entwirft und kreiert Innenr\u00e4ume, die nicht nur \u00e4sthetisch, sondern auch funktional und komfortabel sind.<\/p><p>M\u00f6chten Sie mehr \u00fcber Innenarchitektur und die Arbeit unseres Partners erfahren? Besuchen Sie seine Website, um Referenzen anzuzeigen.<\/p><p>Wenn Sie Ritas Einrichtungstipps in Anspruch nehmen m\u00f6chten, schreiben Sie ihr eine E-Mail oder rufen Sie sie unter ihrer Telefonnummer an.<\/p><p><strong>Er hilft Ihnen gerne dabei, Ihr Zuhause so zu gestalten, wie Sie es sich immer ertr\u00e4umt haben.<\/strong><\/p><p>Danke, da\u00df Sie uns gew\u00e4hlt haben!<\/p><p>Wir hoffen, Sie bald zu sehen!<\/p>\t\t\t\t\t\t\t\t<\/div>\n\t\t\t\t<\/div>\n\t\t\t\t<div class=\"elementor-element elementor-element-1f07c60 elementor-widget elementor-widget-elementskit-social-media\" data-id=\"1f07c60\" data-element_type=\"widget\" data-e-type=\"widget\" data-widget_type=\"elementskit-social-media.default\">\n\t\t\t\t<div class=\"elementor-widget-container\">\n\t\t\t\t\t<div class=\"ekit-wid-con\" >\t\t\t <ul class=\"ekit_social_media\">\n\t\t\t\t\t\t\t\t\t\t\t\t\t\t<li class=\"elementor-repeater-item-848cfd9\">\n\t\t\t\t\t    <a\n\t\t\t\t\t\thref=\"tel:+36209349612\" aria-label=\"Telefon\" class=\"alt\" >\n\t\t\t\t\t\t\t\n\t\t\t\t\t\t\t<i aria-hidden=\"true\" class=\"fas fa-phone-square-alt\"><\/i>\n                                                                                                            <\/a>\n                    <\/li>\n                    \t\t\t\t\t\t\t\t\t\t\t\t\t\t<li class=\"elementor-repeater-item-630a466\">\n\t\t\t\t\t    <a\n\t\t\t\t\t\thref=\"https:\/\/b-ritart.hu\/\" target=\"_blank\" aria-label=\"Homepage\" class=\"wordpress\" >\n\t\t\t\t\t\t\t\n\t\t\t\t\t\t\t<i aria-hidden=\"true\" class=\"fab fa-wordpress\"><\/i>\n                                                                                                            <\/a>\n                    <\/li>\n                    \t\t\t\t\t\t\t\t\t\t\t\t\t\t<li class=\"elementor-repeater-item-5fce050\">\n\t\t\t\t\t    <a\n\t\t\t\t\t\thref=\"https:\/\/www.facebook.com\/profile.php?id=61550717483486\" target=\"_blank\" aria-label=\"Facebook\" class=\"facebook\" >\n\t\t\t\t\t\t\t\n\t\t\t\t\t\t\t<i aria-hidden=\"true\" class=\"icon icon-facebook\"><\/i>\n                                                                                                            <\/a>\n                    <\/li>\n                    \t\t\t\t\t\t\t\t\t\t\t\t\t\t<li class=\"elementor-repeater-item-de9cc41\">\n\t\t\t\t\t    <a\n\t\t\t\t\t\thref=\"#\" aria-label=\"Mail\" class=\"envelope\" >\n\t\t\t\t\t\t\t\n\t\t\t\t\t\t\t<i aria-hidden=\"true\" class=\"fas fa-envelope\"><\/i>\n                                                                                                            <\/a>\n                    <\/li>\n                    \t\t\t\t\t\t\t<\/ul>\n\t\t<\/div>\t\t\t\t<\/div>\n\t\t\t\t<\/div>\n\t\t\t\t<div class=\"elementor-element elementor-element-4d6dddc elementor-widget elementor-widget-spacer\" data-id=\"4d6dddc\" data-element_type=\"widget\" data-e-type=\"widget\" data-widget_type=\"spacer.default\">\n\t\t\t\t<div class=\"elementor-widget-container\">\n\t\t\t\t\t\t\t<div class=\"elementor-spacer\">\n\t\t\t<div class=\"elementor-spacer-inner\"><\/div>\n\t\t<\/div>\n\t\t\t\t\t\t<\/div>\n\t\t\t\t<\/div>\n\t\t\t\t\t<\/div>\n\t\t\t\t<\/div>\n\t\t\t\t\t<\/div>\n\t\t\t\t<\/div>\n\t\t\t\t<\/div>","protected":false},"excerpt":{"rendered":"<p>Vel\u00fcnk dolgozik Rita, a lakberendez\u0151 Mi egy \u00e9p\u00edt\u0151ipari c\u00e9g vagyunk, akik magas sz\u00ednvonal\u00fa \u00e9s megb\u00edzhat\u00f3 munk\u00e1t v\u00e9gz\u00fcnk a legk\u00fcl\u00f6nf\u00e9l\u00e9bb \u00e9p\u00edt\u00e9si projektekben. Legyen sz\u00f3 csal\u00e1di h\u00e1zakr\u00f3l, irodah\u00e1zakr\u00f3l, ipari l\u00e9tes\u00edtm\u00e9nyekr\u0151l vagy k\u00fcl\u00f6nleges \u00e9p\u00fcletekr\u0151l, mi mindig a megrendel\u0151k ig\u00e9nyeit \u00e9s el\u00e9gedetts\u00e9g\u00e9t tartjuk szem el\u0151tt. Nemr\u00e9giben egy \u00faj kit\u0171n\u0151 partnerrel b\u0151v\u00fclt a csapatunk: B\u00fcki Rita lakberendez\u0151vel, aki sok \u00e9ves tapasztalattal rendelkezik a lakberendez\u00e9s ter\u00fclet\u00e9n, \u00e9s sz\u00e1mos sikeres projektet tudhat maga m\u00f6g\u00f6tt. \u0150 az a szakember, aki k\u00e9pes megval\u00f3s\u00edtani az \u00d6n \u00e1lmai otthon\u00e1t, legyen az modern, klasszikus, rusztikus vagy b\u00e1rmilyen m\u00e1s st\u00edlus\u00fa. Rita figyelembe veszi az \u00d6n egy\u00e9ni \u00edzl\u00e9s\u00e9t, ig\u00e9nyeit \u00e9s k\u00f6lts\u00e9gvet\u00e9s\u00e9t, \u00e9s olyan bels\u0151 tereket tervez \u00e9s alak\u00edt ki, amelyek nemcsak eszt\u00e9tikusak, hanem funkcion\u00e1lisak \u00e9s k\u00e9nyelmesek is. Szeretne t\u00f6bbet megtudni a lakberendez\u00e9sr\u0151l \u00e9s partner\u00fcnk munk\u00e1j\u00e1r\u00f3l? L\u00e1togasson el a weboldal\u00e1ra, ahol megtekintheti a referenci\u00e1kat. Amennyiben szeretne Rita lakberendez\u00e9si tan\u00e1csait ig\u00e9nybe venni, \u00edrjon neki egy e-mailt, vagy h\u00edvja fel a telefonsz\u00e1m\u00e1n. \u0150 sz\u00edvesen seg\u00edt \u00d6nnek abban, hogy otthona olyan legyen, amilyennek mindig is \u00e1lmodta. K\u00f6sz\u00f6nj\u00fck, hogy minket v\u00e1lasztott! Rem\u00e9lj\u00fck, hamarosan tal\u00e1lkozunk!<\/p>","protected":false},"author":1,"featured_media":0,"parent":0,"menu_order":0,"comment_status":"closed","ping_status":"closed","template":"","meta":{"footnotes":""},"class_list":["post-1705","page","type-page","status-publish","hentry"],"acf":[],"_links":{"self":[{"href":"https:\/\/greenstarbau.hu\/de\/wp-json\/wp\/v2\/pages\/1705","targetHints":{"allow":["GET"]}}],"collection":[{"href":"https:\/\/greenstarbau.hu\/de\/wp-json\/wp\/v2\/pages"}],"about":[{"href":"https:\/\/greenstarbau.hu\/de\/wp-json\/wp\/v2\/types\/page"}],"author":[{"embeddable":true,"href":"https:\/\/greenstarbau.hu\/de\/wp-json\/wp\/v2\/users\/1"}],"replies":[{"embeddable":true,"href":"https:\/\/greenstarbau.hu\/de\/wp-json\/wp\/v2\/comments?post=1705"}],"version-history":[{"count":18,"href":"https:\/\/greenstarbau.hu\/de\/wp-json\/wp\/v2\/pages\/1705\/revisions"}],"predecessor-version":[{"id":2143,"href":"https:\/\/greenstarbau.hu\/de\/wp-json\/wp\/v2\/pages\/1705\/revisions\/2143"}],"wp:attachment":[{"href":"https:\/\/greenstarbau.hu\/de\/wp-json\/wp\/v2\/media?parent=1705"}],"curies":[{"name":"wp","href":"https:\/\/api.w.org\/{rel}","templated":true}]}}